{"id":304,"date":"2019-09-21T00:01:26","date_gmt":"2019-09-20T22:01:26","guid":{"rendered":"https:\/\/polanski-speckstein.de\/wordpress\/?page_id=304"},"modified":"2020-02-03T16:55:12","modified_gmt":"2020-02-03T15:55:12","slug":"ueber-uns","status":"publish","type":"page","link":"https:\/\/polanski-speckstein.de\/wordpress\/ueber-uns\/","title":{"rendered":"\u00dcber uns"},"content":{"rendered":"\n  <div class=\"banner has-hover\" id=\"banner-1329035718\">\n          <div class=\"banner-inner fill\">\n        <div class=\"banner-bg fill\" >\n            <div class=\"bg fill bg-fill \"><\/div>\n                        <div class=\"overlay\"><\/div>            \n                    <\/div>\n        <div class=\"banner-layers container\">\n            <div class=\"fill banner-link\"><\/div>            \n   <div id=\"text-box-218557878\" class=\"text-box banner-layer x50 md-x50 lg-x50 y50 md-y50 lg-y50 res-text\">\n                                <div class=\"text-box-content text dark\">\n              \n              <div class=\"text-inner text-center\">\n                  \n<h2 class=\"uppercase\"><strong>\u00dcber uns<\/strong><\/h2>\n              <\/div>\n           <\/div>\n                            \n<style>\n#text-box-218557878 {\n  width: 60%;\n}\n#text-box-218557878 .text-box-content {\n  font-size: 100%;\n}\n@media (min-width:550px) {\n  #text-box-218557878 {\n    width: 60%;\n  }\n}\n<\/style>\n    <\/div>\n \n        <\/div>\n      <\/div>\n\n            \n<style>\n#banner-1329035718 {\n  padding-top: 340px;\n  background-color: rgba(237, 237, 237, 0.98);\n}\n#banner-1329035718 .bg.bg-loaded {\n  background-image: url(https:\/\/polanski-speckstein.de\/wordpress\/wp-content\/uploads\/2019\/10\/iStock_000010360608Large-min-1203x800.jpg);\n}\n#banner-1329035718 .overlay {\n  background-color: rgba(133, 133, 133, 0.48);\n}\n#banner-1329035718 .bg {\n  background-position: 40% 52%;\n}\n<\/style>\n  <\/div>\n\n\n\t<section class=\"section\" id=\"section_207435134\">\n\t\t<div class=\"bg section-bg fill bg-fill  bg-loaded\" >\n\n\t\t\t\n\t\t\t\n\t\t\t\n\n\t\t<\/div>\n\n\t\t<div class=\"section-content relative\">\n\t\t\t\n\t<div id=\"gap-725673413\" class=\"gap-element clearfix\" style=\"display:block; height:auto;\">\n\t\t\n<style>\n#gap-725673413 {\n  padding-top: 40px;\n}\n<\/style>\n\t<\/div>\n\t\n<div class=\"row align-center\"  id=\"row-859510478\">\n\n\t<div id=\"col-1136166458\" class=\"col medium-4 small-10 large-4\"  >\n\t\t\t\t<div class=\"col-inner\"  >\n\t\t\t\n\t\t\t\n<h3 class=\"uppercase\"><span style=\"font-size: 150%;\">\u00dcber uns<\/span><\/h3>\n\t\t<\/div>\n\t\t\t\t\t<\/div>\n\n\t\n\n\t<div id=\"col-1214798863\" class=\"col medium-8 small-10 large-8\"  >\n\t\t\t\t<div class=\"col-inner\"  >\n\t\t\t\n\t\t\t\n<p><strong><em>Unsere Geschichte:<\/em><br \/>\n<\/strong><\/p>\n<p>Im Jahr 1999 bin auf einer Exkursion der Uni Trier zum ersten Mal nach Kenia gereist. Im selben Jahr habe ich ein Praktikum mit dem Kenia Wildlife Service und sp\u00e4ter mit der GTZ (Entwicklungszusammenarbeit) absolviert und ein Jahr sp\u00e4ter meine Diplomarbeit im Bereich \u201cEntwicklungsl\u00e4nder-Tourismus\u201d mit der GTZ in Kenia verfasst. Den Specksteinvertrieb betreibe ich seit dem Jahr 2003. Dies begann mit der\u00a0 Fertigung eines \u201cElches\u201d aus Speckstein in Nairobi. In der ersten Zeit lief der Verkauf \u00fcber M\u00e4rkte, auf denen dann auch die ersten Anfragen von Gesch\u00e4ftskunden kamen. Zuerst liefen M\u00e4rkte und Gro\u00dfhandel parallel, doch seit Ende 2007 betreibe ich nur noch Gro\u00dfhandel. Unser Standort ist Jevenstedt, 10km s\u00fcdlich von Rendsburg im Herzen Schleswig-Holsteins.<\/p>\n<p><strong><em>So arbeiten wir:<\/em><\/strong><\/p>\n<p>Ich biete an, unsere Kunden mindestens zweimal im Jahr pers\u00f6nlich zu besuchen. Einen Besuch nach Eintreffen der neuen Ware im Fr\u00fchjahr und einen zum Weihnachtsgesch\u00e4ft. Momentan stelle ich auf den Messen in Hamburg (Nordstil), in M\u00fcnchen (Trendset), in Leipzig (Cadeaux) und auf der &#8222;Mineral &amp; Gem&#8220; in Frankreich aus. Gegebenenfalls bin ich nach den Messen auch auf Kundenbesuch unterwegs. Der Aktionsradius umfasst das gesamte Bundesgebiet, jedoch bislang nicht fl\u00e4chendeckend, sondern aufgegliedert in diverse Tour-Bereiche. Nat\u00fcrlich verschicke ich unsere Steine auch (siehe Versandbedingungen) oder freue mich \u00fcber Ihren Besuch bei mir im Lager. Alle Artikel, die Sie auf der Homepage sehen, sind auch lieferbar. Gerne versuche ich auch \u201cIhre\u201d Ideen in Tabaka umzusetzen. Den Einkauf f\u00fchre ich pers\u00f6nlich in Tabaka durch. Dreimal im Jahr befinde ich mich bei unseren Produzenten vor Ort &#8211; meistens im Mai f\u00fcr die Erstbestellungen, im September, sowie Ende November zum Laden und zum Verschiffen des Containers. Dieser trifft bestenfalls Anfang Januar in Deutschland ein. Zu unserem Leidwesen in der Vergangenheit aber immer gerne versp\u00e4tet. Vor Ort hilft uns im Moment unsere Mitarbeiterin Frau Jaqueline bei der Abwicklung und Kommunikation mit unseren Produzenten.<\/p>\n<p>www.polanski-speckstein.de<\/p>\n\t\t<\/div>\n\t\t\t\t\t<\/div>\n\n\t\n<\/div>\n\t\t<\/div>\n\n\t\t\n<style>\n#section_207435134 {\n  padding-top: 30px;\n  padding-bottom: 30px;\n}\n<\/style>\n\t<\/section>\n\t\n","protected":false},"excerpt":{"rendered":"","protected":false},"author":1,"featured_media":0,"parent":0,"menu_order":0,"comment_status":"closed","ping_status":"closed","template":"","meta":{"footnotes":""},"class_list":["post-304","page","type-page","status-publish","hentry"],"jetpack_sharing_enabled":true,"_links":{"self":[{"href":"https:\/\/polanski-speckstein.de\/wordpress\/wp-json\/wp\/v2\/pages\/304","targetHints":{"allow":["GET"]}}],"collection":[{"href":"https:\/\/polanski-speckstein.de\/wordpress\/wp-json\/wp\/v2\/pages"}],"about":[{"href":"https:\/\/polanski-speckstein.de\/wordpress\/wp-json\/wp\/v2\/types\/page"}],"author":[{"embeddable":true,"href":"https:\/\/polanski-speckstein.de\/wordpress\/wp-json\/wp\/v2\/users\/1"}],"replies":[{"embeddable":true,"href":"https:\/\/polanski-speckstein.de\/wordpress\/wp-json\/wp\/v2\/comments?post=304"}],"version-history":[{"count":11,"href":"https:\/\/polanski-speckstein.de\/wordpress\/wp-json\/wp\/v2\/pages\/304\/revisions"}],"predecessor-version":[{"id":5858,"href":"https:\/\/polanski-speckstein.de\/wordpress\/wp-json\/wp\/v2\/pages\/304\/revisions\/5858"}],"wp:attachment":[{"href":"https:\/\/polanski-speckstein.de\/wordpress\/wp-json\/wp\/v2\/media?parent=304"}],"curies":[{"name":"wp","href":"https:\/\/api.w.org\/{rel}","templated":true}]}}