{"id":308,"date":"2019-09-21T00:01:57","date_gmt":"2019-09-20T22:01:57","guid":{"rendered":"https:\/\/polanski-speckstein.de\/wordpress\/?page_id=308"},"modified":"2025-04-01T12:44:12","modified_gmt":"2025-04-01T10:44:12","slug":"versandinfo","status":"publish","type":"page","link":"https:\/\/polanski-speckstein.de\/wordpress\/versandinfo\/","title":{"rendered":"Versandinfo"},"content":{"rendered":"\n  <div class=\"banner has-hover\" id=\"banner-58745723\">\n          <div class=\"banner-inner fill\">\n        <div class=\"banner-bg fill\" >\n            <div class=\"bg fill bg-fill \"><\/div>\n                        <div class=\"overlay\"><\/div>            \n                    <\/div>\n        <div class=\"banner-layers container\">\n            <div class=\"fill banner-link\"><\/div>            \n   <div id=\"text-box-185434123\" class=\"text-box banner-layer x50 md-x50 lg-x50 y50 md-y50 lg-y50 res-text\">\n                                <div class=\"text-box-content text dark\">\n              \n              <div class=\"text-inner text-center\">\n                  \n<h2 class=\"uppercase\"><strong>Versandinfos<\/strong><\/h2>\n<p>&nbsp;<\/p>\n              <\/div>\n           <\/div>\n                            \n<style>\n#text-box-185434123 {\n  width: 60%;\n}\n#text-box-185434123 .text-box-content {\n  font-size: 100%;\n}\n@media (min-width:550px) {\n  #text-box-185434123 {\n    width: 60%;\n  }\n}\n<\/style>\n    <\/div>\n \n        <\/div>\n      <\/div>\n\n            \n<style>\n#banner-58745723 {\n  padding-top: 340px;\n  background-color: rgba(237, 237, 237, 0.98);\n}\n#banner-58745723 .bg.bg-loaded {\n  background-image: url(https:\/\/polanski-speckstein.de\/wordpress\/wp-content\/uploads\/2019\/10\/iStock_000005394473Large-min-1400x707.jpg);\n}\n#banner-58745723 .overlay {\n  background-color: rgba(133, 133, 133, 0.48);\n}\n#banner-58745723 .bg {\n  background-position: 43% 100%;\n}\n<\/style>\n  <\/div>\n\n\n\t<section class=\"section\" id=\"section_1749707115\">\n\t\t<div class=\"bg section-bg fill bg-fill  bg-loaded\" >\n\n\t\t\t\n\t\t\t\n\t\t\t\n\n\t\t<\/div>\n\n\t\t<div class=\"section-content relative\">\n\t\t\t\n\t<div id=\"gap-1296391489\" class=\"gap-element clearfix\" style=\"display:block; height:auto;\">\n\t\t\n<style>\n#gap-1296391489 {\n  padding-top: 40px;\n}\n<\/style>\n\t<\/div>\n\t\n<div class=\"row align-center\"  id=\"row-490114347\">\n\n\t<div id=\"col-590195607\" class=\"col medium-4 small-10 large-4\"  >\n\t\t\t\t<div class=\"col-inner\"  >\n\t\t\t\n\t\t\t\n<h3 class=\"uppercase\"><span style=\"font-size: 150%;\">Versandinfo<\/span><\/h3>\n\t\t<\/div>\n\t\t\t\t\t<\/div>\n\n\t\n\n\t<div id=\"col-1796113992\" class=\"col medium-8 small-10 large-8\"  >\n\t\t\t\t<div class=\"col-inner\"  >\n\t\t\t\n\t\t\t\n<p>Grunds\u00e4tzlich vertreibe ich die Produkte nur an Wiederverk\u00e4ufer. Von Neukunden ben\u00f6tige ich daher eine Kopie des Gewerbescheins oder eine andere Best\u00e4tigung der Selbstst\u00e4ndigkeit. In kleineren Orten wird jeweils nur ein Kunde beliefert, in gro\u00dfen Orten auch gerne mehrere. Das bedeutet: habe ich in Ihrem Ort schon einen Kunden, kann ich Sie im Moment leider nicht beliefern. In diesem Fall werde ich aber zuerst mit dem bestehenden Kunden R\u00fccksprache halten, ob dieser mit einer Belieferung im Ort einverstanden ist.<\/p>\n<p>Eine Mindestbestellmenge und Verpackungseinheiten gibt es nicht.<\/p>\n<p>Bei den farbigen Handschmeichlern erhalten\/bestellen Sie jeweils die abgebildete Mischung. Bitte beachten Sie, dass alle Preisangaben exklusive gesetzlicher Mehrwertsteuer von 19% angegeben sind.<\/p>\n<p>Die bestellte Ware wird vorwiegend mit Hermes verschickt. Es werden nur die tats\u00e4chlichen Porto-Kosten berechnet. Diese sind innerhalb Deutschlands:<\/p>\n<p>S: 5,49 Euro,<br \/>\nM: 6,99 Euro<br \/>\nL: 10,99 Euro.<\/p>\n<p>F\u00fcr den Versand ins Ausland werden ebenfalls die tats\u00e4chlich anfallenden Kosten berechnet. Dies variiert allerdings je nach Zielland etwas. F\u00fcr einen Versand nach \u00d6sterreich sind dies zur z.B.:<\/p>\n<p>S: 13,90 Euro<\/p>\n<p>M: 18,90 Euro<\/p>\n<p>L: 28,90 Euro<\/p>\n<p>Schwere Artikel werden nicht zusammen mit leicht Zerbrechlichem verpackt. In diesem Fall w\u00fcrden 2 Pakete verschickt. Reklamationen m\u00fcssen bitte sofort nach Erhalt angezeigt werden. Eine R\u00fccksendung kann nur nach vorheriger Absprache erfolgen. Alle Speckstein-schnitzereien sind Unikate (in Form und Farbe) und weichen somit immer etwas vom Bild ab. Und das ist auch gut so!<\/p>\n<p>Bitte geben Sie bei der Bestellung unter &#8222;Mitteilungen&#8220; an, ob die Ware verschickt werden soll oder bei unserer n\u00e4chsten Tour pers\u00f6nlich geliefert werden soll.<\/p>\n<p>www.polanski-speckstein.de<\/p>\n\t\t<\/div>\n\t\t\t\t\t<\/div>\n\n\t\n<\/div>\n\t\t<\/div>\n\n\t\t\n<style>\n#section_1749707115 {\n  padding-top: 30px;\n  padding-bottom: 30px;\n}\n<\/style>\n\t<\/section>\n\t\n","protected":false},"excerpt":{"rendered":"","protected":false},"author":1,"featured_media":0,"parent":0,"menu_order":0,"comment_status":"closed","ping_status":"closed","template":"","meta":{"footnotes":""},"class_list":["post-308","page","type-page","status-publish","hentry"],"jetpack_sharing_enabled":true,"_links":{"self":[{"href":"https:\/\/polanski-speckstein.de\/wordpress\/wp-json\/wp\/v2\/pages\/308","targetHints":{"allow":["GET"]}}],"collection":[{"href":"https:\/\/polanski-speckstein.de\/wordpress\/wp-json\/wp\/v2\/pages"}],"about":[{"href":"https:\/\/polanski-speckstein.de\/wordpress\/wp-json\/wp\/v2\/types\/page"}],"author":[{"embeddable":true,"href":"https:\/\/polanski-speckstein.de\/wordpress\/wp-json\/wp\/v2\/users\/1"}],"replies":[{"embeddable":true,"href":"https:\/\/polanski-speckstein.de\/wordpress\/wp-json\/wp\/v2\/comments?post=308"}],"version-history":[{"count":12,"href":"https:\/\/polanski-speckstein.de\/wordpress\/wp-json\/wp\/v2\/pages\/308\/revisions"}],"predecessor-version":[{"id":15300,"href":"https:\/\/polanski-speckstein.de\/wordpress\/wp-json\/wp\/v2\/pages\/308\/revisions\/15300"}],"wp:attachment":[{"href":"https:\/\/polanski-speckstein.de\/wordpress\/wp-json\/wp\/v2\/media?parent=308"}],"curies":[{"name":"wp","href":"https:\/\/api.w.org\/{rel}","templated":true}]}}