{"id":476,"date":"2019-09-30T22:28:18","date_gmt":"2019-09-30T20:28:18","guid":{"rendered":"https:\/\/polanski-speckstein.de\/wordpress\/?page_id=476"},"modified":"2019-09-30T22:32:40","modified_gmt":"2019-09-30T20:32:40","slug":"impressum-2","status":"publish","type":"page","link":"https:\/\/polanski-speckstein.de\/wordpress\/impressum-2\/","title":{"rendered":"Impressum"},"content":{"rendered":"\n\n  <div class=\"banner has-hover\" id=\"banner-1883409109\">\n          <div class=\"banner-inner fill\">\n        <div class=\"banner-bg fill\" >\n            <div class=\"bg fill bg-fill \"><\/div>\n                        <div class=\"overlay\"><\/div>            \n                    <\/div>\n        <div class=\"banner-layers container\">\n            <div class=\"fill banner-link\"><\/div>            \n\n   <div id=\"text-box-359752002\" class=\"text-box banner-layer x50 md-x50 lg-x50 y50 md-y50 lg-y50 res-text\">\n                                <div class=\"text-box-content text dark\">\n              \n              <div class=\"text-inner text-center\">\n                  \n\n<h3 class=\"uppercase\"><strong>Impressum<\/strong><\/h3>\n<p>\u00a0<\/p>\n\n              <\/div>\n           <\/div>\n                            \n<style>\n#text-box-359752002 {\n  width: 60%;\n}\n#text-box-359752002 .text-box-content {\n  font-size: 100%;\n}\n@media (min-width:550px) {\n  #text-box-359752002 {\n    width: 60%;\n  }\n}\n<\/style>\n    <\/div>\n \n\n        <\/div>\n      <\/div>\n\n            \n<style>\n#banner-1883409109 {\n  padding-top: 340px;\n  background-color: rgba(237, 237, 237, 0.98);\n}\n#banner-1883409109 .bg.bg-loaded {\n  background-image: url(https:\/\/polanski-speckstein.de\/wordpress\/wp-content\/uploads\/2019\/09\/cali.10-1-of-3.jpg);\n}\n#banner-1883409109 .overlay {\n  background-color: rgba(133, 133, 133, 0.48);\n}\n#banner-1883409109 .bg {\n  background-position: 40% 52%;\n}\n<\/style>\n  <\/div>\n\n\n\t<section class=\"section\" id=\"section_1128884910\">\n\t\t<div class=\"bg section-bg fill bg-fill  bg-loaded\" >\n\n\t\t\t\n\t\t\t\n\t\t\t\n\n\t\t<\/div>\n\n\t\t<div class=\"section-content relative\">\n\t\t\t\n\n\t<div id=\"gap-1900002804\" class=\"gap-element clearfix\" style=\"display:block; height:auto;\">\n\t\t\n<style>\n#gap-1900002804 {\n  padding-top: 40px;\n}\n<\/style>\n\t<\/div>\n\t\n\n<div class=\"row align-center\"  id=\"row-319617373\">\n\n\n\t<div id=\"col-1910449446\" class=\"col medium-4 small-10 large-4\"  >\n\t\t\t\t<div class=\"col-inner\"  >\n\t\t\t\n\t\t\t\n\n<h3 class=\"uppercase\"><span style=\"font-size: 150%;\">Impressum<\/span><\/h3>\n\n\t\t<\/div>\n\t\t\t\t\t<\/div>\n\n\t\n\n\t<div id=\"col-982296993\" class=\"col medium-8 small-10 large-8\"  >\n\t\t\t\t<div class=\"col-inner\"  >\n\t\t\t\n\t\t\t\n\n<h3>Verantwortlich f\u00fcr diese Hompage ist:<br \/><br \/><span style=\"color: #333333;\">Marco Polanski<br \/><\/span><span style=\"color: #333333;\">Barb\u00fcschen I 7<br \/><\/span><span style=\"color: #333333;\">24808 Jevenstedt<\/span><\/h3>\n<h3><br \/><span style=\"color: #333333;\">eMail<\/span>:\u00a0polanskimarco@hotmail.com<br \/><span style=\"color: #333333;\">web:\u00a0<\/span>polanski-speckstein.de<br \/><span style=\"color: #333333;\">Telefon: 0173-8364049<br \/><\/span><span style=\"color: #333333;\">UID DE: 28 054 06042<\/span><\/h3>\n<h3>F\u00fcr W\u00fcnsche und Fragen aller Art stehen wir Ihnen jederzeit gern zur Verf\u00fcgung.<br \/><br \/><\/h3>\n<h3>Die Fotos im Katalog wurden erstellt von:<\/h3>\n<table border=\"0\">\n<tbody>\n<tr>\n<td>\n<h3>Bj\u00f6rn Knittler<br \/>Doktorweg 16<br \/>24808 Jevenstedt<br \/><br \/>eMail: <a href=\"mailto:bj\u00f6rn-knittler@freenet.de\">bj\u00f6rn-knittler@freenet.de<\/a><br \/>Tel.: 04337-872<\/h3>\n<\/td>\n<\/tr>\n<\/tbody>\n<\/table>\n<h3>Alle Bilder und Texte auf dieser Homepage stehen unter urherberrechtlichem Schutz im Sinne von \u00a7 1, 2, 3, 4 UrhG. Eine Vervielf\u00e4ltigung, Verbreitung oder Ver\u00f6ffentlichung in Teilen oder im Ganzen ist strikt untersagt. Jeder Versto\u00df wird straf- und zivilrechtlich geahndet. Vorbehalten sind Anspr\u00fcche auf Unterlassen, Schadensersatz, Vernichtung oder \u00dcberlassung. <br \/><u><b>Haftungshinweis:<\/b><\/u> Trotz sorgf\u00e4ltiger inhaltlicher Kontrolle \u00fcbernehmen wir keine Haftung f\u00fcr die Inhalte externer Links. F\u00fcr den Inhalt der verlinkten Seiten sind ausschlie\u00dflich deren Betreiber verantwortlich.<\/h3>\n\n\t\t<\/div>\n\t\t\t\t\t<\/div>\n\n\t\n\n<\/div>\n\n\t\t<\/div>\n\n\t\t\n<style>\n#section_1128884910 {\n  padding-top: 30px;\n  padding-bottom: 30px;\n}\n<\/style>\n\t<\/section>\n\t\n\n","protected":false},"excerpt":{"rendered":"","protected":false},"author":1,"featured_media":0,"parent":0,"menu_order":0,"comment_status":"closed","ping_status":"closed","template":"","meta":{"footnotes":""},"class_list":["post-476","page","type-page","status-publish","hentry"],"jetpack_sharing_enabled":true,"_links":{"self":[{"href":"https:\/\/polanski-speckstein.de\/wordpress\/wp-json\/wp\/v2\/pages\/476","targetHints":{"allow":["GET"]}}],"collection":[{"href":"https:\/\/polanski-speckstein.de\/wordpress\/wp-json\/wp\/v2\/pages"}],"about":[{"href":"https:\/\/polanski-speckstein.de\/wordpress\/wp-json\/wp\/v2\/types\/page"}],"author":[{"embeddable":true,"href":"https:\/\/polanski-speckstein.de\/wordpress\/wp-json\/wp\/v2\/users\/1"}],"replies":[{"embeddable":true,"href":"https:\/\/polanski-speckstein.de\/wordpress\/wp-json\/wp\/v2\/comments?post=476"}],"version-history":[{"count":2,"href":"https:\/\/polanski-speckstein.de\/wordpress\/wp-json\/wp\/v2\/pages\/476\/revisions"}],"predecessor-version":[{"id":478,"href":"https:\/\/polanski-speckstein.de\/wordpress\/wp-json\/wp\/v2\/pages\/476\/revisions\/478"}],"wp:attachment":[{"href":"https:\/\/polanski-speckstein.de\/wordpress\/wp-json\/wp\/v2\/media?parent=476"}],"curies":[{"name":"wp","href":"https:\/\/api.w.org\/{rel}","templated":true}]}}