{"id":99,"date":"2013-08-06T20:13:19","date_gmt":"2013-08-06T20:13:19","guid":{"rendered":"http:\/\/localhost:8888\/test\/?page_id=17"},"modified":"2019-10-15T17:46:16","modified_gmt":"2019-10-15T15:46:16","slug":"classic-shop","status":"publish","type":"page","link":"https:\/\/polanski-speckstein.de\/wordpress\/","title":{"rendered":"Startseite"},"content":{"rendered":"\n  <div class=\"banner has-hover\" id=\"banner-717999309\">\n          <div class=\"banner-inner fill\">\n        <div class=\"banner-bg fill\" >\n            <div class=\"bg fill bg-fill \"><\/div>\n                        <div class=\"overlay\"><\/div>            \n                    <\/div>\n        <div class=\"banner-layers container\">\n            <div class=\"fill banner-link\"><\/div>            \n   <div id=\"text-box-1265870743\" class=\"text-box banner-layer x50 md-x50 lg-x50 y95 md-y85 lg-y85 res-text\">\n                                <div class=\"text-box-content text dark\">\n              \n              <div class=\"text-inner text-center\">\n                  \n<h1 class=\"uppercase\" style=\"text-align: center;\" data-padding=\"30px\"><span style=\"font-size: 120%;\">Speckstein-<br \/>kunst aus Kenia<\/span><\/h1>\n<h5 style=\"text-align: center;\" data-opacity=\"0.7\">Herzlich Willkommen auf unserer Homepage.<br \/>Ich biete Ihnen ausgew\u00e4hlte und handgefertigte Specksteinkunstartikel aus Tabaka nahe Kisii in Kenia.<\/h5>\n<p>\u00a0<\/p>\n<a href=\"https:\/\/polanski-speckstein.de\/wordpress\/katalog\/\" target=\"_self\" class=\"button secondary\"  >\n    <span>zum Katalog<\/span>\n  <\/a>\n\n              <\/div>\n           <\/div>\n                            \n<style>\n#text-box-1265870743 {\n  width: 60%;\n}\n#text-box-1265870743 .text-box-content {\n  font-size: 100%;\n}\n<\/style>\n    <\/div>\n \n        <\/div>\n      <\/div>\n\n            \n<style>\n#banner-717999309 {\n  padding-top: 624px;\n}\n#banner-717999309 .bg.bg-loaded {\n  background-image: url(https:\/\/polanski-speckstein.de\/wordpress\/wp-content\/uploads\/2019\/10\/iStock_000009610985Large-min-1-1200x800.jpg);\n}\n#banner-717999309 .overlay {\n  background-color: rgba(55, 36, 36, 0.53);\n}\n<\/style>\n  <\/div>\n\n\n\t<section class=\"section info-cards-chess-box\" id=\"section_164450885\">\n\t\t<div class=\"bg section-bg fill bg-fill  bg-loaded\" >\n\n\t\t\t\n\t\t\t\n\t\t\t\n\n\t\t<\/div>\n\n\t\t<div class=\"section-content relative\">\n\t\t\t\n<div class=\"row row-collapse align-middle\"  id=\"row-745525740\">\n\n\t<div id=\"col-1562308849\" class=\"col medium-6 small-12 large-6\"  >\n\t\t\t\t<div class=\"col-inner\"  >\n\t\t\t\n\t\t\t\n\t<div class=\"box has-hover info-cards-chess-box  has-hover box-label box-text-bottom\" >\n\n\t\t<div class=\"box-image\" >\n\t\t\t<a href=\"#\"  >\t\t\t<div class=\"image-zoom image-cover\" style=\"padding-top:80%;\">\n\t\t\t\t<img loading=\"lazy\" decoding=\"async\" width=\"800\" height=\"579\" src=\"https:\/\/polanski-speckstein.de\/wordpress\/wp-content\/uploads\/2019\/09\/SPEK0175.jpg\" class=\"attachment- size-\" alt=\"\" srcset=\"https:\/\/polanski-speckstein.de\/wordpress\/wp-content\/uploads\/2019\/09\/SPEK0175.jpg 800w, https:\/\/polanski-speckstein.de\/wordpress\/wp-content\/uploads\/2019\/09\/SPEK0175-553x400.jpg 553w, https:\/\/polanski-speckstein.de\/wordpress\/wp-content\/uploads\/2019\/09\/SPEK0175-768x556.jpg 768w, https:\/\/polanski-speckstein.de\/wordpress\/wp-content\/uploads\/2019\/09\/SPEK0175-510x369.jpg 510w\" sizes=\"auto, (max-width: 800px) 100vw, 800px\" \/>\t\t\t\t<div class=\"overlay\" style=\"background-color:rgba(0, 0, 0, 0)\"><\/div>\t\t\t\t\t\t\t<\/div>\n\t\t\t<\/a>\t\t<\/div>\n\n\t\t<div class=\"box-text text-center dark\" style=\"background-color:rgba(195, 169, 156, 0.85);padding:40px 40px 30px 40px;\">\n\t\t\t<div class=\"box-text-inner\">\n\t\t\t\t\n<h2>Das Produkt<\/h2>\n<p>\n<div class=\"is-divider divider clearfix\" style=\"max-width:80%;height:2px;background-color:rgb(255, 255, 255);\"><\/div>\n\t\t\t<\/div>\n\t\t<\/div>\n\t<\/div>\n\t\n\t\t<\/div>\n\t\t\t\t\t<\/div>\n\n\t\n\n\t<div id=\"col-1412587382\" class=\"col medium-6 small-12 large-6\"  >\n\t\t\t\t<div class=\"col-inner\"  >\n\t\t\t\n\t\t\t\n<div class=\"row align-center\"  id=\"row-117101275\">\n\n\t<div id=\"col-630833113\" class=\"col medium-10 small-10 large-11\"  >\n\t\t\t\t<div class=\"col-inner\"  >\n\t\t\t\n\t\t\t\n<p>\u00a0<\/p>\n<p>Unsere Speckstein-Produkte stammen ausnahmslos aus<strong> Tabaka\/Kenia.<\/strong> Tabaka ist ein Ort mit ca. 10.000 Einwohnern und liegt ungef\u00e4hr 25km entfernt von Kisii (ca. 100.000 Einwohner), daher auch die verbreitete Bezeichnung \u201cSpeckstein aus Kisii\u201d (obwohl Sie in Kisii-Stadt selbst nirgendwo einen Speckstein kaufen k\u00f6nnen). Speckstein (Steatit) ist ein weicher Naturstein. Die Farbe der Steine variiert zwischen wei\u00dfen, grauen, gelben und r\u00f6tlichen T\u00f6nen und ist oft von sch\u00f6nen Maserungen durchzogen. Der Abbau des Rohmaterials erfolgt vor Ort in diversen Steinbr\u00fcchen. Dazu werden vor allem Stemm-Mei\u00dfel genutzt. Die Schnitzer sind i.d. Regel selbstst\u00e4ndige K\u00fcnstler, die sich auf jeweils einen Produktbereich spezialisieren. Die Auftr\u00e4ge kommen dann von den ca. 100 kleinen H\u00e4ndlern (kleine Familienbetriebe oder Selbsthilfe-gruppen) vor Ort. Als Hilfsmittel dienen dem Schnitzer Schlagmei\u00dfel, Messer, Schaber und Schleifpapiere. Das vom Schnitzer an die H\u00e4ndler gelieferte Produkt ist noch \u201ceckig und kantig\u201d. Der Feinschliff, das Waschen des Steins, das Wachsen und die Politur wird dann zumeist durch Frauen aus der Familie beim H\u00e4ndler durchgef\u00fchrt. Die 100%ige Handarbeit bedingt die Unterschiede in der Form.<\/p>\n<p>\u00a0<\/p>\n\t\t<\/div>\n\t\t\t\t\t<\/div>\n\n\t\n<\/div>\n\t\t<\/div>\n\t\t\t\t\n<style>\n#col-1412587382 > .col-inner {\n  padding: 10% 0px 0px 0px;\n}\n<\/style>\n\t<\/div>\n\n\t\n<\/div>\n<div class=\"row row-collapse align-middle\"  id=\"row-593218018\">\n\n\t<div id=\"col-1583393113\" class=\"col medium-6 small-12 large-6\"  >\n\t\t\t\t<div class=\"col-inner\"  >\n\t\t\t\n\t\t\t\n<div class=\"row align-center\"  id=\"row-1004419646\">\n\n\t<div id=\"col-1580150248\" class=\"col medium-10 small-10 large-10\"  >\n\t\t\t\t<div class=\"col-inner\"  >\n\t\t\t\n\t\t\t\n<p>Nach unseren Ma\u00dfst\u00e4ben sind die Schnitzer und Arbeiter in Tabaka weitestgehend \u201carm\u201d. \u00dcbertragen auf die Gegebenheiten in Kenia w\u00fcrden jene als \u201cunterer Mittelstand\u201d bezeichnet werden. Durch die in Tabaka vorhandene Arbeit haben die Schnitzer ihr Auskommen und vor allem die M\u00f6glichkeit, ihren Kindern eine h\u00f6here Schulbildung zu erm\u00f6glichen. Dies ist f\u00fcr l\u00e4ndliche Gebiete schon ein Status. Was den Schnitzern am meisten hilft, ist eine best\u00e4ndige Absatzm\u00f6glichkeit f\u00fcr ihre Produkte und daraus resultierend wieder mehr Arbeit.<br \/>Wir kaufen die Ware vor Ort im Moment von 26 Produzenten. Nat\u00fcrlich bekommen nicht alle gleich gro\u00dfe Auftr\u00e4ge. Bei der ersten Bestellung bekommen die H\u00e4ndler ca. 50% Anzahlung. Im September wird der Restbetrag der ersten Bestellung und weitere 60% der zweiten Bestellung gezahlt. Bei Abholung dann der Rest. Dieses System hat sich bew\u00e4hrt und wird auch von unseren Zulieferern als \u00e4u\u00dferst \u201cfair\u201d empfunden. Wir zahlen vor Ort etwas h\u00f6here Preise als lokal \u00fcblich, erwarten daf\u00fcr aber auch eine gute Qualit\u00e4t der Steine.<\/p>\n<p>Ein &#8222;Fair-Trade-Label&#8220; habe ich nicht. Jedoch wird ein Betrieb unserer Gr\u00f6\u00dfe ein solches auch gar nicht erhalten k\u00f6nnen. F\u00fcr uns ist es wichtiger einfach &#8222;fairen Handel&#8220; zu betreiben!<\/p>\n<p>\u00a0<\/p>\n\t\t<\/div>\n\t\t\t\t\t<\/div>\n\n\t\n<\/div>\n\t\t<\/div>\n\t\t\t\t\n<style>\n#col-1583393113 > .col-inner {\n  padding: 10% 0px 0px 0px;\n}\n<\/style>\n\t<\/div>\n\n\t\n\n\t<div id=\"col-1043030118\" class=\"col medium-6 small-12 large-6 small-col-first\"  >\n\t\t\t\t<div class=\"col-inner\"  >\n\t\t\t\n\t\t\t\n\t<div class=\"box has-hover   has-hover box-label box-text-bottom\" >\n\n\t\t<div class=\"box-image\" >\n\t\t\t<a href=\"#\"  >\t\t\t<div class=\"image-zoom image-cover\" style=\"padding-top:70%;\">\n\t\t\t\t<img loading=\"lazy\" decoding=\"async\" width=\"1280\" height=\"960\" src=\"https:\/\/polanski-speckstein.de\/wordpress\/wp-content\/uploads\/2019\/09\/11-2.jpg\" class=\"attachment- size-\" alt=\"\" srcset=\"https:\/\/polanski-speckstein.de\/wordpress\/wp-content\/uploads\/2019\/09\/11-2.jpg 1280w, https:\/\/polanski-speckstein.de\/wordpress\/wp-content\/uploads\/2019\/09\/11-2-533x400.jpg 533w, https:\/\/polanski-speckstein.de\/wordpress\/wp-content\/uploads\/2019\/09\/11-2-768x576.jpg 768w, https:\/\/polanski-speckstein.de\/wordpress\/wp-content\/uploads\/2019\/09\/11-2-1067x800.jpg 1067w, https:\/\/polanski-speckstein.de\/wordpress\/wp-content\/uploads\/2019\/09\/11-2-510x383.jpg 510w\" sizes=\"auto, (max-width: 1280px) 100vw, 1280px\" \/>\t\t\t\t<div class=\"overlay\" style=\"background-color:rgba(0, 0, 0, 0)\"><\/div>\t\t\t\t\t\t\t<\/div>\n\t\t\t<\/a>\t\t<\/div>\n\n\t\t<div class=\"box-text text-center dark\" style=\"background-color:rgba(123, 151, 152, 0.85);padding:40px 40px 30px 40px;\">\n\t\t\t<div class=\"box-text-inner\">\n\t\t\t\t\n<h2>Soziales<\/h2>\n<p>\n<div class=\"is-divider divider clearfix\" style=\"max-width:80%;height:2px;background-color:rgb(255, 255, 255);\"><\/div>\n\t\t\t<\/div>\n\t\t<\/div>\n\t<\/div>\n\t\n\t\t<\/div>\n\t\t\t\t\t<\/div>\n\n\t\n<\/div>\n<div class=\"row row-collapse align-middle\"  id=\"row-1902805003\">\n\n\t<div id=\"col-749634839\" class=\"col medium-6 small-12 large-6\"  >\n\t\t\t\t<div class=\"col-inner\"  >\n\t\t\t\n\t\t\t\n\t<div class=\"box has-hover   has-hover box-label box-text-bottom\" >\n\n\t\t<div class=\"box-image\" >\n\t\t\t<a href=\"#\"  >\t\t\t<div class=\"image-zoom image-cover\" style=\"padding-top:70%;\">\n\t\t\t\t<img loading=\"lazy\" decoding=\"async\" width=\"1795\" height=\"1288\" src=\"https:\/\/polanski-speckstein.de\/wordpress\/wp-content\/uploads\/2019\/09\/waschen-im-see-1-2.jpg\" class=\"attachment- size-\" alt=\"\" srcset=\"https:\/\/polanski-speckstein.de\/wordpress\/wp-content\/uploads\/2019\/09\/waschen-im-see-1-2.jpg 1795w, https:\/\/polanski-speckstein.de\/wordpress\/wp-content\/uploads\/2019\/09\/waschen-im-see-1-2-557x400.jpg 557w, https:\/\/polanski-speckstein.de\/wordpress\/wp-content\/uploads\/2019\/09\/waschen-im-see-1-2-768x551.jpg 768w, https:\/\/polanski-speckstein.de\/wordpress\/wp-content\/uploads\/2019\/09\/waschen-im-see-1-2-1115x800.jpg 1115w, https:\/\/polanski-speckstein.de\/wordpress\/wp-content\/uploads\/2019\/09\/waschen-im-see-1-2-510x366.jpg 510w\" sizes=\"auto, (max-width: 1795px) 100vw, 1795px\" \/>\t\t\t\t<div class=\"overlay\" style=\"background-color:rgba(0, 0, 0, 0)\"><\/div>\t\t\t\t\t\t\t<\/div>\n\t\t\t<\/a>\t\t<\/div>\n\n\t\t<div class=\"box-text text-center dark\" style=\"background-color:rgba(121, 161, 186, 0.85);padding:40px 40px 30px 40px;\">\n\t\t\t<div class=\"box-text-inner\">\n\t\t\t\t\n<h2>Situation in Kenia<\/h2>\n<p>\n<div class=\"is-divider divider clearfix\" style=\"max-width:80%;height:2px;background-color:rgb(255, 255, 255);\"><\/div>\n\t\t\t<\/div>\n\t\t<\/div>\n\t<\/div>\n\t\n\t\t<\/div>\n\t\t\t\t\t<\/div>\n\n\t\n\n\t<div id=\"col-1786716641\" class=\"col medium-6 small-12 large-6\"  >\n\t\t\t\t<div class=\"col-inner\"  >\n\t\t\t\n\t\t\t\n<div class=\"row align-center\"  id=\"row-972666515\">\n\n\t<div id=\"col-2142911344\" class=\"col medium-10 small-10 large-10\"  >\n\t\t\t\t<div class=\"col-inner\"  >\n\t\t\t\n\t\t\t\n<p>Kenia galt lange als politisch stabil, auch wenn nie wirklich von einer Demokratie gesprochen werden konnte. Nach der Abwahl der Kanu-Partei von Ex-Pr\u00e4sident Moi und der Wahl Mr. Kibaki\u2019s 2003 zum neuen Pr\u00e4sidenten schien es mit Kenia aufw\u00e4rts zu gehen. Seit den gewalt-samen Unruhen bei der erneuten Wiederwahl Mr. Kibaki\u2019s Ende 2007-Anfang 2008 war die Illusion Kenias als Hort der Stabilit\u00e4t vorbei. Es gab ca. 1500 Tote und 500.000 Vertriebene. Mit der Einsetzung einer \u201cgro\u00dfen Koalition\u201d wurden die Unruhen beendet, jedoch lag die Wirtschaft am Boden. Mittlerweile hat die jetzige Regierung um Pr\u00e4sident Kenyatta f\u00fcr Infrastrukturprojekte die Chinesen mit ins Boot geholt. Es wird zwar gebaut, allerdings alles auf Kredit. Auch der Tourismus hat sich immer noch nicht ganz von den Einbr\u00fcchen nach den Unruhen und den danach folgenden Terroranschl\u00e4gen erholt. Die Str\u00e4nde in Mombasa sind immer noch fast leer. In den letzten Jahren ist es im Land zumindest wieder ruhig geworden.,<\/p>\n<p>\u00a0<\/p>\n<p>\u00a0<\/p>\n\t\t<\/div>\n\t\t\t\t\t<\/div>\n\n\t\n<\/div>\n\t\t<\/div>\n\t\t\t\t\n<style>\n#col-1786716641 > .col-inner {\n  padding: 10% 0px 0px 0px;\n}\n<\/style>\n\t<\/div>\n\n\t\n<\/div>\n\t\t<\/div>\n\n\t\t\n<style>\n#section_164450885 {\n  padding-top: 60px;\n  padding-bottom: 60px;\n}\n<\/style>\n\t<\/section>\n\t\n","protected":false},"excerpt":{"rendered":"","protected":false},"author":1,"featured_media":0,"parent":0,"menu_order":1,"comment_status":"closed","ping_status":"closed","template":"page-transparent-header-light.php","meta":{"footnotes":""},"class_list":["post-99","page","type-page","status-publish","hentry"],"jetpack_sharing_enabled":true,"_links":{"self":[{"href":"https:\/\/polanski-speckstein.de\/wordpress\/wp-json\/wp\/v2\/pages\/99","targetHints":{"allow":["GET"]}}],"collection":[{"href":"https:\/\/polanski-speckstein.de\/wordpress\/wp-json\/wp\/v2\/pages"}],"about":[{"href":"https:\/\/polanski-speckstein.de\/wordpress\/wp-json\/wp\/v2\/types\/page"}],"author":[{"embeddable":true,"href":"https:\/\/polanski-speckstein.de\/wordpress\/wp-json\/wp\/v2\/users\/1"}],"replies":[{"embeddable":true,"href":"https:\/\/polanski-speckstein.de\/wordpress\/wp-json\/wp\/v2\/comments?post=99"}],"version-history":[{"count":29,"href":"https:\/\/polanski-speckstein.de\/wordpress\/wp-json\/wp\/v2\/pages\/99\/revisions"}],"predecessor-version":[{"id":1838,"href":"https:\/\/polanski-speckstein.de\/wordpress\/wp-json\/wp\/v2\/pages\/99\/revisions\/1838"}],"wp:attachment":[{"href":"https:\/\/polanski-speckstein.de\/wordpress\/wp-json\/wp\/v2\/media?parent=99"}],"curies":[{"name":"wp","href":"https:\/\/api.w.org\/{rel}","templated":true}]}}