{"id":13096,"date":"2022-12-28T17:51:10","date_gmt":"2022-12-28T16:51:10","guid":{"rendered":"https:\/\/polanski-speckstein.de\/wordpress\/?post_type=product&#038;p=13096"},"modified":"2025-12-11T16:20:10","modified_gmt":"2025-12-11T15:20:10","slug":"899-lovely-angel-with-heart","status":"publish","type":"product","link":"https:\/\/polanski-speckstein.de\/wordpress\/produkt\/899-lovely-angel-with-heart\/","title":{"rendered":"165 Lovely Angel with Heart"},"content":{"rendered":"<p>H\u00f6he: 6-6,5cm<\/p>\n<p>ab 20 St\u00fcck 10% Rabatt<\/p>\n<p>ab 50 St\u00fcck 15% Rabatt<\/p>\n<p>Warnhinweise:<\/p>\n<ul>\n<li>Nicht zum Verzehr geeignet<\/li>\n<li>Nicht geeignet f\u00fcr Kinder unter 3 Jahren<\/li>\n<\/ul>\n","protected":false},"excerpt":{"rendered":"<p>H\u00f6he: 6-6,5cm ab 20 St\u00fcck 10% Rabatt ab 50 St\u00fcck 15% Rabatt Warnhinweise: Nicht zum Verzehr geeignet Nicht geeignet f\u00fcr Kinder unter 3 Jahren<\/p>\n","protected":false},"featured_media":13097,"template":"","meta":[],"product_brand":[],"product_cat":[70],"product_tag":[],"class_list":{"0":"post-13096","1":"product","2":"type-product","3":"status-publish","4":"has-post-thumbnail","6":"product_cat-engel","8":"first","9":"instock","10":"taxable","11":"shipping-taxable","12":"purchasable","13":"product-type-simple"},"jetpack_sharing_enabled":true,"_links":{"self":[{"href":"https:\/\/polanski-speckstein.de\/wordpress\/wp-json\/wp\/v2\/product\/13096","targetHints":{"allow":["GET"]}}],"collection":[{"href":"https:\/\/polanski-speckstein.de\/wordpress\/wp-json\/wp\/v2\/product"}],"about":[{"href":"https:\/\/polanski-speckstein.de\/wordpress\/wp-json\/wp\/v2\/types\/product"}],"wp:featuredmedia":[{"embeddable":true,"href":"https:\/\/polanski-speckstein.de\/wordpress\/wp-json\/wp\/v2\/media\/13097"}],"wp:attachment":[{"href":"https:\/\/polanski-speckstein.de\/wordpress\/wp-json\/wp\/v2\/media?parent=13096"}],"wp:term":[{"taxonomy":"product_brand","embeddable":true,"href":"https:\/\/polanski-speckstein.de\/wordpress\/wp-json\/wp\/v2\/product_brand?post=13096"},{"taxonomy":"product_cat","embeddable":true,"href":"https:\/\/polanski-speckstein.de\/wordpress\/wp-json\/wp\/v2\/product_cat?post=13096"},{"taxonomy":"product_tag","embeddable":true,"href":"https:\/\/polanski-speckstein.de\/wordpress\/wp-json\/wp\/v2\/product_tag?post=13096"}],"curies":[{"name":"wp","href":"https:\/\/api.w.org\/{rel}","templated":true}]}}