{"id":13504,"date":"2023-03-12T07:02:15","date_gmt":"2023-03-12T06:02:15","guid":{"rendered":"https:\/\/polanski-speckstein.de\/wordpress\/?post_type=product&#038;p=13504"},"modified":"2025-12-30T16:30:35","modified_gmt":"2025-12-30T15:30:35","slug":"647-elefanten-maske-xxl","status":"publish","type":"product","link":"https:\/\/polanski-speckstein.de\/wordpress\/produkt\/647-elefanten-maske-xxl\/","title":{"rendered":"647 Elefanten-Maske XXL (nat\u00fcrliche br\u00e4unliche Verf\u00e4rbung)"},"content":{"rendered":"<p>H\u00f6he: 59cm<\/p>\n<p>&nbsp;<\/p>\n<p>Warnhinweise:<\/p>\n<ul>\n<li>Nicht zum Verzehr geeignet<\/li>\n<li>Nicht geeignet f\u00fcr Kinder unter 3 Jahren<\/li>\n<\/ul>\n","protected":false},"excerpt":{"rendered":"<p>H\u00f6he: 59cm &nbsp; Warnhinweise: Nicht zum Verzehr geeignet Nicht geeignet f\u00fcr Kinder unter 3 Jahren<\/p>\n","protected":false},"featured_media":13505,"template":"","meta":[],"product_brand":[],"product_cat":[73],"product_tag":[],"class_list":{"0":"post-13504","1":"product","2":"type-product","3":"status-publish","4":"has-post-thumbnail","6":"product_cat-skulpturen","8":"first","9":"instock","10":"sale","11":"taxable","12":"shipping-taxable","13":"purchasable","14":"product-type-simple"},"jetpack_sharing_enabled":true,"_links":{"self":[{"href":"https:\/\/polanski-speckstein.de\/wordpress\/wp-json\/wp\/v2\/product\/13504","targetHints":{"allow":["GET"]}}],"collection":[{"href":"https:\/\/polanski-speckstein.de\/wordpress\/wp-json\/wp\/v2\/product"}],"about":[{"href":"https:\/\/polanski-speckstein.de\/wordpress\/wp-json\/wp\/v2\/types\/product"}],"wp:featuredmedia":[{"embeddable":true,"href":"https:\/\/polanski-speckstein.de\/wordpress\/wp-json\/wp\/v2\/media\/13505"}],"wp:attachment":[{"href":"https:\/\/polanski-speckstein.de\/wordpress\/wp-json\/wp\/v2\/media?parent=13504"}],"wp:term":[{"taxonomy":"product_brand","embeddable":true,"href":"https:\/\/polanski-speckstein.de\/wordpress\/wp-json\/wp\/v2\/product_brand?post=13504"},{"taxonomy":"product_cat","embeddable":true,"href":"https:\/\/polanski-speckstein.de\/wordpress\/wp-json\/wp\/v2\/product_cat?post=13504"},{"taxonomy":"product_tag","embeddable":true,"href":"https:\/\/polanski-speckstein.de\/wordpress\/wp-json\/wp\/v2\/product_tag?post=13504"}],"curies":[{"name":"wp","href":"https:\/\/api.w.org\/{rel}","templated":true}]}}