{"id":5056,"date":"2020-01-21T11:51:50","date_gmt":"2020-01-21T10:51:50","guid":{"rendered":"https:\/\/polanski-speckstein.de\/wordpress\/?post_type=product&#038;p=5056"},"modified":"2026-04-27T11:51:38","modified_gmt":"2026-04-27T09:51:38","slug":"070-herz-klein-christlich","status":"publish","type":"product","link":"https:\/\/polanski-speckstein.de\/wordpress\/produkt\/070-herz-klein-christlich\/","title":{"rendered":"1006 Herz klein christlich (nur noch &#8222;Friede&#8220; verf\u00fcgbar)"},"content":{"rendered":"<p>Breite: 4,5cm<\/p>\n<p>ab 50 St\u00fcck 10% Erm\u00e4\u00dfigung<\/p>\n<p>&nbsp;<\/p>\n<p>Warnhinweise:<\/p>\n<ul>\n<li>Nicht zum Verzehr geeignet<\/li>\n<li>Nicht geeignet f\u00fcr Kinder unter 3 Jahren<\/li>\n<\/ul>\n","protected":false},"excerpt":{"rendered":"<p>Breite: 4,5cm ab 50 St\u00fcck 10% Erm\u00e4\u00dfigung &nbsp; Warnhinweise: Nicht zum Verzehr geeignet Nicht geeignet f\u00fcr Kinder unter 3 Jahren<\/p>\n","protected":false},"featured_media":6015,"template":"","meta":[],"product_brand":[],"product_cat":[80],"product_tag":[],"class_list":{"0":"post-5056","1":"product","2":"type-product","3":"status-publish","4":"has-post-thumbnail","6":"product_cat-angebote","8":"first","9":"instock","10":"sale","11":"taxable","12":"shipping-taxable","13":"purchasable","14":"product-type-simple"},"jetpack_sharing_enabled":true,"_links":{"self":[{"href":"https:\/\/polanski-speckstein.de\/wordpress\/wp-json\/wp\/v2\/product\/5056","targetHints":{"allow":["GET"]}}],"collection":[{"href":"https:\/\/polanski-speckstein.de\/wordpress\/wp-json\/wp\/v2\/product"}],"about":[{"href":"https:\/\/polanski-speckstein.de\/wordpress\/wp-json\/wp\/v2\/types\/product"}],"wp:featuredmedia":[{"embeddable":true,"href":"https:\/\/polanski-speckstein.de\/wordpress\/wp-json\/wp\/v2\/media\/6015"}],"wp:attachment":[{"href":"https:\/\/polanski-speckstein.de\/wordpress\/wp-json\/wp\/v2\/media?parent=5056"}],"wp:term":[{"taxonomy":"product_brand","embeddable":true,"href":"https:\/\/polanski-speckstein.de\/wordpress\/wp-json\/wp\/v2\/product_brand?post=5056"},{"taxonomy":"product_cat","embeddable":true,"href":"https:\/\/polanski-speckstein.de\/wordpress\/wp-json\/wp\/v2\/product_cat?post=5056"},{"taxonomy":"product_tag","embeddable":true,"href":"https:\/\/polanski-speckstein.de\/wordpress\/wp-json\/wp\/v2\/product_tag?post=5056"}],"curies":[{"name":"wp","href":"https:\/\/api.w.org\/{rel}","templated":true}]}}