{"id":940,"date":"2019-10-06T11:43:44","date_gmt":"2019-10-06T09:43:44","guid":{"rendered":"https:\/\/polanski-speckstein.de\/wordpress\/?post_type=product&#038;p=940"},"modified":"2025-12-07T08:19:21","modified_gmt":"2025-12-07T07:19:21","slug":"014-handschmeichler-viel-glueck","status":"publish","type":"product","link":"https:\/\/polanski-speckstein.de\/wordpress\/produkt\/014-handschmeichler-viel-glueck\/","title":{"rendered":"015 Handschmeichler Viel Gl\u00fcck"},"content":{"rendered":"<p>Breite: 4,5cm<\/p>\n<p>ab 30 St\u00fcck 10% Erm\u00e4\u00dfigung<\/p>\n<p>&nbsp;<\/p>\n<p>Warnhinweise:<\/p>\n<ul>\n<li>Nicht zum Verzehr geeignet<\/li>\n<li>Nicht geeignet f\u00fcr Kinder unter 3 Jahren<\/li>\n<\/ul>\n","protected":false},"excerpt":{"rendered":"<p>Breite: 4,5cm ab 30 St\u00fcck 10% Erm\u00e4\u00dfigung &nbsp; Warnhinweise: Nicht zum Verzehr geeignet Nicht geeignet f\u00fcr Kinder unter 3 Jahren<\/p>\n","protected":false},"featured_media":5622,"template":"","meta":[],"product_brand":[],"product_cat":[71],"product_tag":[],"class_list":{"0":"post-940","1":"product","2":"type-product","3":"status-publish","4":"has-post-thumbnail","6":"product_cat-handschmeichler","8":"first","9":"instock","10":"taxable","11":"shipping-taxable","12":"purchasable","13":"product-type-simple"},"jetpack_sharing_enabled":true,"_links":{"self":[{"href":"https:\/\/polanski-speckstein.de\/wordpress\/wp-json\/wp\/v2\/product\/940","targetHints":{"allow":["GET"]}}],"collection":[{"href":"https:\/\/polanski-speckstein.de\/wordpress\/wp-json\/wp\/v2\/product"}],"about":[{"href":"https:\/\/polanski-speckstein.de\/wordpress\/wp-json\/wp\/v2\/types\/product"}],"wp:featuredmedia":[{"embeddable":true,"href":"https:\/\/polanski-speckstein.de\/wordpress\/wp-json\/wp\/v2\/media\/5622"}],"wp:attachment":[{"href":"https:\/\/polanski-speckstein.de\/wordpress\/wp-json\/wp\/v2\/media?parent=940"}],"wp:term":[{"taxonomy":"product_brand","embeddable":true,"href":"https:\/\/polanski-speckstein.de\/wordpress\/wp-json\/wp\/v2\/product_brand?post=940"},{"taxonomy":"product_cat","embeddable":true,"href":"https:\/\/polanski-speckstein.de\/wordpress\/wp-json\/wp\/v2\/product_cat?post=940"},{"taxonomy":"product_tag","embeddable":true,"href":"https:\/\/polanski-speckstein.de\/wordpress\/wp-json\/wp\/v2\/product_tag?post=940"}],"curies":[{"name":"wp","href":"https:\/\/api.w.org\/{rel}","templated":true}]}}