{"id":992,"date":"2019-10-06T12:24:21","date_gmt":"2019-10-06T10:24:21","guid":{"rendered":"https:\/\/polanski-speckstein.de\/wordpress\/?post_type=product&#038;p=992"},"modified":"2024-12-02T17:57:51","modified_gmt":"2024-12-02T16:57:51","slug":"045-mini-herz-muster","status":"publish","type":"product","link":"https:\/\/polanski-speckstein.de\/wordpress\/produkt\/045-mini-herz-muster\/","title":{"rendered":"075 Mini Herz Muster"},"content":{"rendered":"<p>Breite: 3cm<\/p>\n<p>ab 50 St\u00fcck 10% Erm\u00e4\u00dfigung<\/p>\n<p>&nbsp;<\/p>\n<p>Warnhinweise:<\/p>\n<ul>\n<li>Nicht zum Verzehr geeignet<\/li>\n<li>Nicht geeignet f\u00fcr Kinder unter 3 Jahren<\/li>\n<\/ul>\n<p>&nbsp;<\/p>\n","protected":false},"excerpt":{"rendered":"<p>Breite: 3cm ab 50 St\u00fcck 10% Erm\u00e4\u00dfigung &nbsp; Warnhinweise: Nicht zum Verzehr geeignet Nicht geeignet f\u00fcr Kinder unter 3 Jahren &nbsp;<\/p>\n","protected":false},"featured_media":2541,"template":"","meta":[],"product_brand":[],"product_cat":[71],"product_tag":[],"class_list":{"0":"post-992","1":"product","2":"type-product","3":"status-publish","4":"has-post-thumbnail","6":"product_cat-handschmeichler","8":"first","9":"instock","10":"taxable","11":"shipping-taxable","12":"purchasable","13":"product-type-simple"},"jetpack_sharing_enabled":true,"_links":{"self":[{"href":"https:\/\/polanski-speckstein.de\/wordpress\/wp-json\/wp\/v2\/product\/992","targetHints":{"allow":["GET"]}}],"collection":[{"href":"https:\/\/polanski-speckstein.de\/wordpress\/wp-json\/wp\/v2\/product"}],"about":[{"href":"https:\/\/polanski-speckstein.de\/wordpress\/wp-json\/wp\/v2\/types\/product"}],"wp:featuredmedia":[{"embeddable":true,"href":"https:\/\/polanski-speckstein.de\/wordpress\/wp-json\/wp\/v2\/media\/2541"}],"wp:attachment":[{"href":"https:\/\/polanski-speckstein.de\/wordpress\/wp-json\/wp\/v2\/media?parent=992"}],"wp:term":[{"taxonomy":"product_brand","embeddable":true,"href":"https:\/\/polanski-speckstein.de\/wordpress\/wp-json\/wp\/v2\/product_brand?post=992"},{"taxonomy":"product_cat","embeddable":true,"href":"https:\/\/polanski-speckstein.de\/wordpress\/wp-json\/wp\/v2\/product_cat?post=992"},{"taxonomy":"product_tag","embeddable":true,"href":"https:\/\/polanski-speckstein.de\/wordpress\/wp-json\/wp\/v2\/product_tag?post=992"}],"curies":[{"name":"wp","href":"https:\/\/api.w.org\/{rel}","templated":true}]}}